{"id":2560,"date":"2020-08-20T04:01:52","date_gmt":"2020-08-20T04:01:52","guid":{"rendered":"https:\/\/www.dyapi.com.tr\/kurumsal\/"},"modified":"2022-03-01T21:37:01","modified_gmt":"2022-03-01T18:37:01","slug":"unternehmen","status":"publish","type":"page","link":"https:\/\/www.dyapi.com.tr\/de\/unternehmen\/","title":{"rendered":"Unternehmen"},"content":{"rendered":"\t\t<div data-elementor-type=\"wp-page\" data-elementor-id=\"2560\" class=\"elementor elementor-2560\" data-elementor-post-type=\"page\">\n\t\t\t\t\t\t<section class=\"elementor-section elementor-top-section elementor-element elementor-element-cd5ad33 elementor-section-boxed elementor-section-height-default elementor-section-height-default\" data-id=\"cd5ad33\" data-element_type=\"section\">\n\t\t\t\t\t\t<div class=\"elementor-container elementor-column-gap-default\">\n\t\t\t\t\t<div class=\"elementor-column elementor-col-100 elementor-top-column elementor-element elementor-element-7ebbcbd\" data-id=\"7ebbcbd\" data-element_type=\"column\">\n\t\t\t<div class=\"elementor-widget-wrap elementor-element-populated\">\n\t\t\t\t\t\t<div class=\"elementor-element elementor-element-9ab3325 elementor-widget elementor-widget-spacer\" data-id=\"9ab3325\" data-element_type=\"widget\" data-widget_type=\"spacer.default\">\n\t\t\t\t<div class=\"elementor-widget-container\">\n\t\t\t\t\t\t\t<div class=\"elementor-spacer\">\n\t\t\t<div class=\"elementor-spacer-inner\"><\/div>\n\t\t<\/div>\n\t\t\t\t\t\t<\/div>\n\t\t\t\t<\/div>\n\t\t\t\t\t<\/div>\n\t\t<\/div>\n\t\t\t\t\t<\/div>\n\t\t<\/section>\n\t\t\t\t<section class=\"elementor-section elementor-top-section elementor-element elementor-element-2674014 elementor-section-content-middle elementor-section-boxed elementor-section-height-default elementor-section-height-default\" data-id=\"2674014\" data-element_type=\"section\">\n\t\t\t\t\t\t<div class=\"elementor-container elementor-column-gap-extended\">\n\t\t\t\t\t<div class=\"elementor-column elementor-col-50 elementor-top-column elementor-element elementor-element-c770cef\" data-id=\"c770cef\" data-element_type=\"column\">\n\t\t\t<div class=\"elementor-widget-wrap elementor-element-populated\">\n\t\t\t\t\t\t<div class=\"elementor-element elementor-element-336698e align-left elementor-widget elementor-widget-mae-headings\" data-id=\"336698e\" data-element_type=\"widget\" data-widget_type=\"mae-headings.default\">\n\t\t\t\t<div class=\"elementor-widget-container\">\n\t\t\t\t\t\t\t<div class=\"master-heading\">\n\t        \n\t        \t        <h2 class=\"main-heading\">Unser Profil<\/h2>\n\t        \n\t        \t        <div class=\"divider\"><\/div>\n\t        \n\t        \t    <\/div>\n\t    \t\t\t\t<\/div>\n\t\t\t\t<\/div>\n\t\t\t\t<div class=\"elementor-element elementor-element-82aa61c elementor-widget elementor-widget-text-editor\" data-id=\"82aa61c\" data-element_type=\"widget\" data-widget_type=\"text-editor.default\">\n\t\t\t\t<div class=\"elementor-widget-container\">\n\t\t\t\t\t\t\t\t\t<p>Unser Unternehmen wurde 1997 von 3 jungen befreundeten Architekten in Ankara gegr\u00fcndet. Unser Ziel ist es, einzigartige, wirtschaftliche und qualitativ hochwertige Projekte durchzuf\u00fchren und mit Ehrlichkeit, Zuverl\u00e4ssigkeit und Erfolg daf\u00fcr zu sorgen, dass sich unser Unternehmen einen Namen macht. Im Laufe der Zeit haben wir Dutzende von Projekten hinter uns gelassen, die wir unserem Profil entsprechend abgeschlossen haben, ohne unsere Prinzipien zu gef\u00e4hrden.<\/p><p>Wir haben uns zu einem gefragten, bekannten und vertrauensw\u00fcrdigen Unternehmen entwickelt, indem wir die von uns durchgef\u00fchrten Projekte mit hoher Qualit\u00e4t und termingerecht abgeschlossen haben. Die Basis f\u00fcr diese Leistung ist der Arbeitswille, die Auswahl von Personal mit fachlicher Kompetenz und F\u00fchrungserfolg.<\/p><p>WIR HOFFEN, IHR L\u00d6SUNGSPARTNER IN DER SICH GLOBALISIERENDEN UND STETIG WACHSENDEN BAUBRANCHE ZU SEIN UND GEMEINSAM MIT IHNEN PROJEKTE ZU REALISIEREN&#8230;<\/p>\t\t\t\t\t\t\t\t<\/div>\n\t\t\t\t<\/div>\n\t\t\t\t<div class=\"elementor-element elementor-element-4ee441c elementor-widget elementor-widget-spacer\" data-id=\"4ee441c\" data-element_type=\"widget\" data-widget_type=\"spacer.default\">\n\t\t\t\t<div class=\"elementor-widget-container\">\n\t\t\t\t\t\t\t<div class=\"elementor-spacer\">\n\t\t\t<div class=\"elementor-spacer-inner\"><\/div>\n\t\t<\/div>\n\t\t\t\t\t\t<\/div>\n\t\t\t\t<\/div>\n\t\t\t\t\t<\/div>\n\t\t<\/div>\n\t\t\t\t<div class=\"elementor-column elementor-col-50 elementor-top-column elementor-element elementor-element-9a8be8f\" data-id=\"9a8be8f\" data-element_type=\"column\">\n\t\t\t<div class=\"elementor-widget-wrap elementor-element-populated\">\n\t\t\t\t\t\t<div class=\"elementor-element elementor-element-c23d503 elementor-widget elementor-widget-mae-parallax-image\" data-id=\"c23d503\" data-element_type=\"widget\" data-widget_type=\"mae-parallax-image.default\">\n\t\t\t\t<div class=\"elementor-widget-container\">\n\t\t\t\t\t\t\t<div class=\"master-parallax-box\">\n\t\t\t<div class=\"parallax-wrap\">\n\t\t\t\t\t\t\t\t\t<div class=\"master-parallax-item elementor-repeater-item-9e2ec66\" style=\"\" data-parallax='{\"x\" : -50, \"y\" : 0, \"smoothness\" : 30}' data-top=\"\"><img decoding=\"async\" src=\"https:\/\/ninzio.com\/byron\/wp-content\/uploads\/2020\/08\/image-22.jpg\" alt=\"\"><\/div>\t\t\t\t\t\t\t\t\t<div class=\"master-parallax-item elementor-repeater-item-20e363a\" style=\"\" data-parallax='{\"x\" : 50, \"y\" : 0, \"smoothness\" : 30}' data-top=\"50px\"><img decoding=\"async\" src=\"https:\/\/www.dyapi.com.tr\/wp-content\/uploads\/2022\/01\/kurumsal.jpg\" alt=\"\"><\/div>\t\t\t\t\t\t\t<\/div>\n\t\t<\/div>\n\t    \t\t\t\t<\/div>\n\t\t\t\t<\/div>\n\t\t\t\t\t<\/div>\n\t\t<\/div>\n\t\t\t\t\t<\/div>\n\t\t<\/section>\n\t\t\t\t<section class=\"elementor-section elementor-top-section elementor-element elementor-element-cc9b8e8 elementor-section-boxed elementor-section-height-default elementor-section-height-default\" data-id=\"cc9b8e8\" data-element_type=\"section\">\n\t\t\t\t\t\t<div class=\"elementor-container elementor-column-gap-default\">\n\t\t\t\t\t<div class=\"elementor-column elementor-col-100 elementor-top-column elementor-element elementor-element-b9a1bfc\" data-id=\"b9a1bfc\" data-element_type=\"column\">\n\t\t\t<div class=\"elementor-widget-wrap elementor-element-populated\">\n\t\t\t\t\t\t\t<\/div>\n\t\t<\/div>\n\t\t\t\t\t<\/div>\n\t\t<\/section>\n\t\t\t\t<section class=\"elementor-section elementor-top-section elementor-element elementor-element-cf23894 elementor-section-stretched elementor-section-full_width elementor-section-height-default elementor-section-height-default\" data-id=\"cf23894\" data-element_type=\"section\" data-settings=\"{&quot;stretch_section&quot;:&quot;section-stretched&quot;,&quot;background_background&quot;:&quot;classic&quot;}\">\n\t\t\t\t\t\t<div class=\"elementor-container elementor-column-gap-default\">\n\t\t\t\t\t<div class=\"elementor-column elementor-col-100 elementor-top-column elementor-element elementor-element-bfd67bd\" data-id=\"bfd67bd\" data-element_type=\"column\">\n\t\t\t<div class=\"elementor-widget-wrap elementor-element-populated\">\n\t\t\t\t\t\t<div class=\"elementor-element elementor-element-9c14a1d elementor-widget elementor-widget-spacer\" data-id=\"9c14a1d\" data-element_type=\"widget\" data-widget_type=\"spacer.default\">\n\t\t\t\t<div class=\"elementor-widget-container\">\n\t\t\t\t\t\t\t<div class=\"elementor-spacer\">\n\t\t\t<div class=\"elementor-spacer-inner\"><\/div>\n\t\t<\/div>\n\t\t\t\t\t\t<\/div>\n\t\t\t\t<\/div>\n\t\t\t\t<section class=\"elementor-section elementor-inner-section elementor-element elementor-element-1bc3ce7 elementor-section-content-middle elementor-section-boxed elementor-section-height-default elementor-section-height-default\" data-id=\"1bc3ce7\" data-element_type=\"section\">\n\t\t\t\t\t\t<div class=\"elementor-container elementor-column-gap-extended\">\n\t\t\t\t\t<div class=\"elementor-column elementor-col-50 elementor-inner-column elementor-element elementor-element-872dea0\" data-id=\"872dea0\" data-element_type=\"column\">\n\t\t\t<div class=\"elementor-widget-wrap elementor-element-populated\">\n\t\t\t\t\t\t<div class=\"elementor-element elementor-element-318f9d5 elementor-widget elementor-widget-mae-fancy-image\" data-id=\"318f9d5\" data-element_type=\"widget\" data-widget_type=\"mae-fancy-image.default\">\n\t\t\t\t<div class=\"elementor-widget-container\">\n\t\t\t\t\t\t\t\t<div class=\"master-fancy-image bg-top bg-top align-left\" data-in-viewport=\"true\">\n\t\t\t\t<div class=\"master-fancy-image-inner\">\n\t\t\t\t\t<span class=\"master-fancy-image-bg\"><\/span>\n\n\t\t\t\t\t<div class=\"master-fancy-image-holder\">\n\t\t\t\t\t\t<img fetchpriority=\"high\" decoding=\"async\" width=\"370\" height=\"210\" src=\"https:\/\/www.dyapi.com.tr\/wp-content\/uploads\/2020\/08\/service-11.jpg\" class=\"attachment-full size-full wp-image-1594\" alt=\"\" srcset=\"https:\/\/www.dyapi.com.tr\/wp-content\/uploads\/2020\/08\/service-11.jpg 370w, https:\/\/www.dyapi.com.tr\/wp-content\/uploads\/2020\/08\/service-11-300x170.jpg 300w\" sizes=\"(max-width: 370px) 100vw, 370px\" \/>\n\t\t\t\t        \t\t\t\t\t<\/div>\n\t\t\t\t<\/div>\n\t\t    <\/div>\n\n\t    \t\t\t\t<\/div>\n\t\t\t\t<\/div>\n\t\t\t\t\t<\/div>\n\t\t<\/div>\n\t\t\t\t<div class=\"elementor-column elementor-col-50 elementor-inner-column elementor-element elementor-element-3413ef0\" data-id=\"3413ef0\" data-element_type=\"column\">\n\t\t\t<div class=\"elementor-widget-wrap elementor-element-populated\">\n\t\t\t\t\t\t<div class=\"elementor-element elementor-element-6c6b789 elementor-widget elementor-widget-mae-tabs\" data-id=\"6c6b789\" data-element_type=\"widget\" data-widget_type=\"mae-tabs.default\">\n\t\t\t\t<div class=\"elementor-widget-container\">\n\t\t\t\t\t\n\t\t<div class=\"master-tabs\">\n\t\t\t\t\t\t<ul class=\"tab-link-wrap\">\n\t\t\t\t\t\t\t\t<li class=\"tab-link\" data-tab=\"tab-1943\">Unser Profil<\/li>\n\t\t\t\t\t\t\t\t<li class=\"tab-link\" data-tab=\"tab-2943\">Unsere Vision und Mission<\/li>\n\t\t\t\t\t\t\t\t<li class=\"tab-link\" data-tab=\"tab-3943\">Unsere Qualit\u00e4tspolitik<\/li>\n\t\t\t\t\t\t\t<\/ul>\n\t\t\t\n\t\t\t<div class=\"tab-content-wrap\">\n\t\t\t\t\t\t\t\t<div id=\"tab-1943\" class=\"tab-content\">\n\t\t\t\t\t<p>Unsere Firma wurde von drei Freunden gegr\u00fcndet, die ihren Studien an der Fakult\u00e4t f\u00fcr Architektur der Technischen Universit\u00e4t Istanbul abgeschlossen haben. Unsere Firma hat an vielen Projekten im In- und Ausland teilgenommen. Unsere Firma hat viele Projekte vollst\u00e4ndig termingerecht abgeschlossen, darunter haupts\u00e4chlich Tunnelschalungen und Massenunterk\u00fcnfte und andere Stahlbeton-Rohbausysteme, schl\u00fcsselfertige Paketprojekte und Konzeptprojekte.<\/p><p>Unsere Firma, die sich durch Ehrlichkeit, Qualit\u00e4t und Arbeitssicherheit in den Projekten, an denen es beteiligt war, einen Namen gemacht hat, hat dank seiner Arbeitsdisziplin und entschlossenen Arbeit alle \u00fcbernommenen Aufgaben termingerecht und fehlerfrei erledigt. Bitte lesen Sie den Abschnitt unserer Referenzen, um sich \u00fcber die Unternehmen zu informieren, mit denen wir zusammenarbeiten.<\/p><p>Heute ist \u201e<strong>D YAPI<\/strong>\u201c dank seiner Hunderte von Mitarbeitern, jungen und dynamischen technischen Mitarbeitern, gen\u00fcgend Maschinen, um 3000 H\u00e4user pro Jahr zu bauen, und vor allem einer qualitativ hochwertigen, ethischen und zuverl\u00e4ssigen Arbeitsdisziplin zu einer der Top-Marken geworden.<\/p>\t\t\t\t<\/div>\n\t\t\t\t\t\t\t\t<div id=\"tab-2943\" class=\"tab-content\">\n\t\t\t\t\t<p>Unsere Vision ist es, den Kunden und Organisationen, mit denen wir zusammenarbeiten, qualitativ hochwertige und privilegierte Dienstleistungen zu ihrer besten Zufriedenheit zu erbringen, die die Erwartungen \u00fcbertreffen. Zu lieben und zu respektieren f\u00fcr das, was wir tun, geh\u00f6ren zu den wichtigsten Prinzipien unserer Vision. Unser Ziel ist es, ein gefragtes und begehrtes Unternehmen in der Industrie zu sein, indem wir die Rechte und Interessen unserer Arbeitgeber, Kunden und Mitarbeiter sch\u00fctzen und gleichzeitig unsere Unternehmenstransformation aufrechterhalten.<\/p><p>Unsere Mission ist es, qualitativ hochwertige, schnelle und wirtschaftliche Projekte zu realisieren, ohne die Umwelt, die Welt und die Menschen zu sch\u00e4digen, indem wir alle M\u00f6glichkeiten zeitgem\u00e4\u00dfer Materialien und Bautechnologien nutzen.<\/p>\t\t\t\t<\/div>\n\t\t\t\t\t\t\t\t<div id=\"tab-3943\" class=\"tab-content\">\n\t\t\t\t\t<p>- Einhaltung der Anforderungen der einschl\u00e4gigen Normen, technischen Spezifikationen, Vorschriften und Verwaltungsspezifikationen f\u00fcr alle unsere Dienstleistungen;<\/p><p>- Dauerhafte und qualifizierte Arbeiten zu produzieren, indem man Wert auf Forschung und Entwicklung legt und universelles Wissen und Technologien auf h\u00f6chstem Niveau nutzt;<\/p><p>- Aufbau langfristiger Beziehungen zu allen unseren Kunden und Mitarbeitern auf der Grundlage des Grundsatzes der Professionalit\u00e4t und des gegenseitigen Vertrauens;<\/p><p>- Beruflich qualifiziertes Personal einzustellen und \u00fcber ein professionelles Managementsystem zu verf\u00fcgen;<\/p><p>- Sensibilit\u00e4t f\u00fcr Arbeitsgesundheit, Arbeitssicherheit und Umweltschutz zu zeigen;<\/p>\t\t\t\t<\/div>\n\t\t\t\t\t\t\t<\/div>\n\t    <\/div>\n\n\t    \t\t\t\t<\/div>\n\t\t\t\t<\/div>\n\t\t\t\t\t<\/div>\n\t\t<\/div>\n\t\t\t\t\t<\/div>\n\t\t<\/section>\n\t\t\t\t<section class=\"elementor-section elementor-inner-section elementor-element elementor-element-4187764 elementor-section-content-middle elementor-section-boxed elementor-section-height-default elementor-section-height-default\" data-id=\"4187764\" data-element_type=\"section\">\n\t\t\t\t\t\t<div class=\"elementor-container elementor-column-gap-extended\">\n\t\t\t\t\t<div class=\"elementor-column elementor-col-33 elementor-inner-column elementor-element elementor-element-8166760\" data-id=\"8166760\" data-element_type=\"column\">\n\t\t\t<div class=\"elementor-widget-wrap elementor-element-populated\">\n\t\t\t\t\t\t<div class=\"elementor-element elementor-element-8008108 elementor-widget elementor-widget-mae-counter\" data-id=\"8008108\" data-element_type=\"widget\" data-widget_type=\"mae-counter.default\">\n\t\t\t\t<div class=\"elementor-widget-container\">\n\t\t\t\t\t\t\t\t\t\t<div class=\"master-counter align-center icon-inline-yes\">\n\t\t\t\t<h4 class=\"title\">Kollege<\/h4>\n\t\t\t\t<div class=\"inner\">\n\t\t\t        <div class=\"icon-wrap\">\n\t\t\t\t        <i class=\"byr byr-engineer1\"><\/i>\t\t\t        <\/div>\n\n\t\t\t        <div class=\"number-wrap\">\n\t\t\t\t        <span class=\"number\" data-to=\"100\" data-time= \"2000\"><\/span><span>+<\/span>\n\t\t\t        <\/div>\n\t\t\t    <\/div>\n\t\t    <\/div>\n\t    \t    \t\t\t\t<\/div>\n\t\t\t\t<\/div>\n\t\t\t\t\t<\/div>\n\t\t<\/div>\n\t\t\t\t<div class=\"elementor-column elementor-col-33 elementor-inner-column elementor-element elementor-element-bc4e545\" data-id=\"bc4e545\" data-element_type=\"column\">\n\t\t\t<div class=\"elementor-widget-wrap elementor-element-populated\">\n\t\t\t\t\t\t<div class=\"elementor-element elementor-element-c1e5627 elementor-widget elementor-widget-mae-counter\" data-id=\"c1e5627\" data-element_type=\"widget\" data-widget_type=\"mae-counter.default\">\n\t\t\t\t<div class=\"elementor-widget-container\">\n\t\t\t\t\t\t\t\t\t\t<div class=\"master-counter align-center icon-inline-yes\">\n\t\t\t\t<h4 class=\"title\">Abgeschlossenes Projekt<\/h4>\n\t\t\t\t<div class=\"inner\">\n\t\t\t        <div class=\"icon-wrap\">\n\t\t\t\t        <i class=\"byr byr-building\"><\/i>\t\t\t        <\/div>\n\n\t\t\t        <div class=\"number-wrap\">\n\t\t\t\t        <span class=\"number\" data-to=\"30\" data-time= \"2000\"><\/span><span>+<\/span>\n\t\t\t        <\/div>\n\t\t\t    <\/div>\n\t\t    <\/div>\n\t    \t    \t\t\t\t<\/div>\n\t\t\t\t<\/div>\n\t\t\t\t\t<\/div>\n\t\t<\/div>\n\t\t\t\t<div class=\"elementor-column elementor-col-33 elementor-inner-column elementor-element elementor-element-3767b4a\" data-id=\"3767b4a\" data-element_type=\"column\">\n\t\t\t<div class=\"elementor-widget-wrap elementor-element-populated\">\n\t\t\t\t\t\t<div class=\"elementor-element elementor-element-9cfec01 elementor-widget elementor-widget-mae-counter\" data-id=\"9cfec01\" data-element_type=\"widget\" data-widget_type=\"mae-counter.default\">\n\t\t\t\t<div class=\"elementor-widget-container\">\n\t\t\t\t\t\t\t\t\t\t<div class=\"master-counter align-center icon-inline-yes\">\n\t\t\t\t<h4 class=\"title\">Maschinen<\/h4>\n\t\t\t\t<div class=\"inner\">\n\t\t\t        <div class=\"icon-wrap\">\n\t\t\t\t        <i class=\"byr byr-crane\"><\/i>\t\t\t        <\/div>\n\n\t\t\t        <div class=\"number-wrap\">\n\t\t\t\t        <span class=\"number\" data-to=\"5\" data-time= \"2000\"><\/span><span>+<\/span>\n\t\t\t        <\/div>\n\t\t\t    <\/div>\n\t\t    <\/div>\n\t    \t    \t\t\t\t<\/div>\n\t\t\t\t<\/div>\n\t\t\t\t\t<\/div>\n\t\t<\/div>\n\t\t\t\t\t<\/div>\n\t\t<\/section>\n\t\t\t\t<div class=\"elementor-element elementor-element-3a704a8 elementor-widget elementor-widget-spacer\" data-id=\"3a704a8\" data-element_type=\"widget\" data-widget_type=\"spacer.default\">\n\t\t\t\t<div class=\"elementor-widget-container\">\n\t\t\t\t\t\t\t<div class=\"elementor-spacer\">\n\t\t\t<div class=\"elementor-spacer-inner\"><\/div>\n\t\t<\/div>\n\t\t\t\t\t\t<\/div>\n\t\t\t\t<\/div>\n\t\t\t\t\t<\/div>\n\t\t<\/div>\n\t\t\t\t\t<\/div>\n\t\t<\/section>\n\t\t\t\t<\/div>\n\t\t","protected":false},"excerpt":{"rendered":"<p>Unser Profil Unser Unternehmen wurde 1997 von 3 jungen befreundeten Architekten in Ankara gegr\u00fcndet. Unser Ziel ist es, einzigartige, wirtschaftliche und qualitativ hochwertige Projekte durchzuf\u00fchren und mit Ehrlichkeit, Zuverl\u00e4ssigkeit und Erfolg daf\u00fcr zu sorgen, dass sich unser Unternehmen einen Namen macht. Im Laufe der Zeit haben wir Dutzende von Projekten<\/p>\n","protected":false},"author":1,"featured_media":0,"parent":0,"menu_order":0,"comment_status":"closed","ping_status":"closed","template":"","meta":{"footnotes":""},"class_list":["post-2560","page","type-page","status-publish","hentry"],"_links":{"self":[{"href":"https:\/\/www.dyapi.com.tr\/de\/wp-json\/wp\/v2\/pages\/2560","targetHints":{"allow":["GET"]}}],"collection":[{"href":"https:\/\/www.dyapi.com.tr\/de\/wp-json\/wp\/v2\/pages"}],"about":[{"href":"https:\/\/www.dyapi.com.tr\/de\/wp-json\/wp\/v2\/types\/page"}],"author":[{"embeddable":true,"href":"https:\/\/www.dyapi.com.tr\/de\/wp-json\/wp\/v2\/users\/1"}],"replies":[{"embeddable":true,"href":"https:\/\/www.dyapi.com.tr\/de\/wp-json\/wp\/v2\/comments?post=2560"}],"version-history":[{"count":0,"href":"https:\/\/www.dyapi.com.tr\/de\/wp-json\/wp\/v2\/pages\/2560\/revisions"}],"wp:attachment":[{"href":"https:\/\/www.dyapi.com.tr\/de\/wp-json\/wp\/v2\/media?parent=2560"}],"curies":[{"name":"wp","href":"https:\/\/api.w.org\/{rel}","templated":true}]}}